{"id":108,"date":"2022-03-07T22:30:59","date_gmt":"2022-03-07T21:30:59","guid":{"rendered":"https:\/\/sk7ol.com\/?page_id=108"},"modified":"2026-03-19T06:06:37","modified_gmt":"2026-03-19T05:06:37","slug":"repeater-sk7rqx","status":"publish","type":"page","link":"https:\/\/sk7ol.com\/index.php\/repeater-sk7rqx\/","title":{"rendered":"Repeater SK7RSZ 434.6625 MHz"},"content":{"rendered":"\n<p class=\"has-medium-font-size\">Repeatern \u00e4r placerad h\u00f6gst uppe p\u00e5 Hallands\u00e5sen, strax \u00f6ster om E6, med god t\u00e4ckning runt NV Sk\u00e5ne och s\u00f6dra Halland\/Sm\u00e5land.<br><br>Kartan nedan \u00e4r h\u00e4mta fr\u00e5n Brandmeister och visar en simulerad t\u00e4ckningskarta.<br><br>Via v\u00e5ra repeater p\u00e5 Hallands\u00e5sen kan man nu n\u00e5 ut via SVXlink.<\/p>\n\n\n\n<p>SK7RSZ 434.6625 MHz \u00f6ppnas med 2-3 sekunders b\u00e4rv\u00e5g + 79.7 Hz pl-ton&nbsp;(225.7 Hz reservton). Smal FM , FM-Narrow , +\/-2.5 kHz skall anv\u00e4ndas.<\/p>\n\n\n\n<p>Repeatern fungerar d\u00e5 endast lokalt , ingen reflektor kopplas upp och&nbsp;kan d\u00e5 ej monitoreras av andra SvxLink-noder.<\/p>\n\n\n\n<p>SK7RQX egen talgrupp som alltid monitoras \u00e4r tg240716 (Detta \u00e4r ett&nbsp;radioid som \u00e4r registrerat p\u00e5&nbsp;<a href=\"https:\/\/www.radioid.net\/\">https:\/\/www.radioid.net\/<\/a>&nbsp;och tillh\u00f6r SK7OL.).<\/p>\n\n\n\n<p>Repeatern har en taltid p\u00e5 max 2 minuter d\u00e4refter blockeras mottagaren&nbsp;tills b\u00e4rv\u00e5gen in har f\u00f6rsvunnet.<\/p>\n\n\n\n<p>Vill man koppla upp externa talgrupper s\u00e5 g\u00f6rs detta med DTMF enligt&nbsp;SvxLink standard , se systembeskrivning p\u00e5&nbsp;<a href=\"https:\/\/svxportal.sm2ampr.net\/\">https:\/\/svxportal.sm2ampr.net\/<\/a>&nbsp;.<\/p>\n\n\n\n<p>N\u00e4r en extern talgrupp kopplas upp s\u00e5 kopplas den ner igen vid 30&nbsp;sekunders inaktivitet.<br>D\u00e4refter g\u00e5r repeatern i 30 sekunders skanner l\u00e4ge och f\u00f6rs\u00f6ker koppla&nbsp;upp aktiva talgrupper som monitoreras av repeatern.<br>Externa talgrupper kan evenuellt aktiveras med pl-ton. Vilka pl-toner&nbsp;och vad som monitoras p\u00e5 SK7RSZ f\u00f6r tillf\u00e4llet visas under Klienter och&nbsp;CTCSS Mappning p\u00e5&nbsp;<a href=\"https:\/\/svxportal.sm2ampr.net\/\">https:\/\/svxportal.sm2ampr.net<\/a>. <br>Pga yttre&nbsp;omst\u00e4ndigheter s\u00e5 kan detta \u00e4ndras med kort varsel.<\/p>\n\n\n\n<p>Vissa talgrupper och DTMF funktioner \u00e4r avst\u00e4ngda i repeatern.<\/p>\n\n\n\n<p>N\u00e4r extern talgrupp kopplas upp via DTMF skall f\u00f6ljande instruktion f\u00f6ljas.<\/p>\n\n\n\n<ul class=\"wp-block-list\">\n<li>PTT 1 S\u00e4nd en b\u00e4rv\u00e5g med vald subton i minst 2,5 sekunder.<\/li>\n\n\n\n<li>Inv\u00e4nta att repeatern identifierar sig.<\/li>\n\n\n\n<li>PTT 2 Identifiera dig sj\u00e4lv en f\u00f6rsta g\u00e5ng.<\/li>\n\n\n\n<li>S\u00e4nd DTMF kommando f\u00f6r talgrupp.<\/li>\n\n\n\n<li>Tryck PTT g\u00f6r ditt anrop och identifiera dig , g\u00e4rna mer en en g\u00e5ng. S\u00e5&nbsp;att det s\u00e4kert g\u00e5r ut \u00f6ver alla noder som monitorerar talgruppen.<\/li>\n<\/ul>\n\n\n\n<p>N\u00e4r extern talgrupp kopplas upp med pl-ton skall f\u00f6ljande instruktion&nbsp;f\u00f6ljas.<\/p>\n\n\n\n<ul class=\"wp-block-list\">\n<li>PTT 1 S\u00e4nd en b\u00e4rv\u00e5g med vald subton i minst 2,5 sekunder.<\/li>\n\n\n\n<li>Inv\u00e4nta att repeatern identifierar sig.<\/li>\n\n\n\n<li>PTT 2 Identifiera dig sj\u00e4lv en f\u00f6rsta g\u00e5ng.<\/li>\n\n\n\n<li>Sl\u00e4pp PTT och inv\u00e4nta kvittenspip fr\u00e5n repeatern.<\/li>\n\n\n\n<li>PTT 3 Vid din tredje s\u00e4ndning g\u00e5r du ut \u00f6ver reflektorn och du kan g\u00f6ra&nbsp;ditt anrop och egen identifiering.<\/li>\n<\/ul>\n\n\n\n<p>Med egen identifiering betyder att tilldelad amat\u00f6rradiosignal skall&nbsp;s\u00e4ndas enligt Post och telestyrelsens f\u00f6reskrift PTSFS 2025:1&nbsp; paragraf&nbsp;27 .<\/p>\n\n\n\n<p>F\u00f6r information om SvxLink m.m .<\/p>\n\n\n\n<p><a href=\"https:\/\/svxportal.sm2ampr.net\">https:\/\/svxportal.sm2ampr.net<\/a><\/p>\n\n\n\n<p><a href=\"https:\/\/reflector-sm.svxlink.org\/nodes\">https:\/\/reflector-sm.svxlink.org\/nodes<\/a><\/p>\n\n\n\n<p><a href=\"https:\/\/www.ssa.se\/vushf\/repeatrar-fyrar\">https:\/\/www.ssa.se\/vushf\/repeatrar-fyrar<\/a><\/p>\n\n\n\n<p>Beh\u00f6ver du hj\u00e4lp med programmering eller har andra fr\u00e5gor \u00e4r du v\u00e4lkommen till SK7OL p\u00e5 m\u00e5ndagskv\u00e4llar kl 19.00 d\u00e5 vi finns i klubblokalen p\u00e5 Skytteskogsv\u00e4gen 2 i Klippan.<\/p>\n\n\n\n<p class=\"has-medium-font-size\">F\u00f6r mer detaljerad information, ta en titt p\u00e5&nbsp;<a href=\"https:\/\/svxportal.sm2ampr.net\/index.php#Echolink\">SVX Portalen<\/a><\/p>\n\n\n\n<figure class=\"wp-block-image size-full\"><img loading=\"lazy\" decoding=\"async\" width=\"950\" height=\"950\" src=\"https:\/\/sk7ol.com\/wp-content\/uploads\/2022\/03\/Skarmavbild-2022-03-08-kl.-21.13.47.png\" alt=\"\" class=\"wp-image-129\"\/><\/figure>\n\n\n\n<p class=\"has-medium-font-size\">Du kan hitta den p\u00e5 434.6625 MHz skift -2 MHz och CTCSS 79,7 Hz<\/p>\n\n\n\n<pre id=\"tw-target-text\" class=\"wp-block-preformatted has-medium-font-size\">Beskrivning:<br>Analog FM repeater max +\/- 2.5 KHz deviation (smalbands (narrow) FM)<br><br>F\u00f6r att repeatern skall startas upp och identifiera sig kr\u00e4vs en b\u00e4rv\u00e5g med CTCSS, se ovan f\u00f6r detaljer, p\u00e5 <strong>MINST<\/strong> 2,5 sekunder.<br><br>All trafik loggas d\u00e4r vi kan se: datum\/tid\/CTCSS\/s\u00e4ndningsl\u00e4ngd\/signalstyrka<br><br>Antenn: ??? <br><br>Effekt 50W. <br><br>F\u00f6rluster i filter och kablar: ???<\/pre>\n\n\n\n<blockquote class=\"wp-block-quote has-small-font-size is-layout-flow wp-block-quote-is-layout-flow\" style=\"font-style:normal;font-weight:600\">\n<p><\/p>\n\n\n\n<p class=\"has-text-align-center has-medium-font-size\">Vill du st\u00f6da driften och utvecklingen av repeatern <br><br>skulle vi uppskatta ett bidrag <br><br>dedikerat till just repeatern. <br><br>S\u00e4tt in valfritt belopp p\u00e5 v\u00e5rt bankgiro 5685-6131 <br><br>och m\u00e4rk det med SK7RSZ<\/p>\n<\/blockquote>\n\n\n\n<p class=\"has-medium-font-size\"><\/p>\n","protected":false},"excerpt":{"rendered":"<p>Repeatern \u00e4r placerad h\u00f6gst uppe p\u00e5 Hallands\u00e5sen, strax \u00f6ster om E6, med god t\u00e4ckning runt NV Sk\u00e5ne och s\u00f6dra Halland\/Sm\u00e5land. Kartan nedan \u00e4r h\u00e4mta fr\u00e5n Brandmeister och visar en simulerad t\u00e4ckningskarta. Via v\u00e5ra repeater p\u00e5 Hallands\u00e5sen kan man nu n\u00e5 &hellip; <a href=\"https:\/\/sk7ol.com\/index.php\/repeater-sk7rqx\/\">Forts\u00e4tt l\u00e4sa <span class=\"meta-nav\">&rarr;<\/span><\/a><\/p>\n","protected":false},"author":1,"featured_media":0,"parent":0,"menu_order":0,"comment_status":"closed","ping_status":"closed","template":"","meta":{"footnotes":""},"class_list":["post-108","page","type-page","status-publish","hentry"],"_links":{"self":[{"href":"https:\/\/sk7ol.com\/index.php\/wp-json\/wp\/v2\/pages\/108","targetHints":{"allow":["GET"]}}],"collection":[{"href":"https:\/\/sk7ol.com\/index.php\/wp-json\/wp\/v2\/pages"}],"about":[{"href":"https:\/\/sk7ol.com\/index.php\/wp-json\/wp\/v2\/types\/page"}],"author":[{"embeddable":true,"href":"https:\/\/sk7ol.com\/index.php\/wp-json\/wp\/v2\/users\/1"}],"replies":[{"embeddable":true,"href":"https:\/\/sk7ol.com\/index.php\/wp-json\/wp\/v2\/comments?post=108"}],"version-history":[{"count":30,"href":"https:\/\/sk7ol.com\/index.php\/wp-json\/wp\/v2\/pages\/108\/revisions"}],"predecessor-version":[{"id":1351,"href":"https:\/\/sk7ol.com\/index.php\/wp-json\/wp\/v2\/pages\/108\/revisions\/1351"}],"wp:attachment":[{"href":"https:\/\/sk7ol.com\/index.php\/wp-json\/wp\/v2\/media?parent=108"}],"curies":[{"name":"wp","href":"https:\/\/api.w.org\/{rel}","templated":true}]}}