{"id":1292,"date":"2026-02-23T23:03:36","date_gmt":"2026-02-23T22:03:36","guid":{"rendered":"https:\/\/sk7ol.com\/?page_id=1292"},"modified":"2026-02-23T23:38:45","modified_gmt":"2026-02-23T22:38:45","slug":"verksamhetsplan-2026","status":"publish","type":"page","link":"https:\/\/sk7ol.com\/index.php\/verksamhetsplan-2026\/","title":{"rendered":"Verksamhetsplan 2026"},"content":{"rendered":"\n<ol class=\"wp-block-list\">\n<li><strong>Inledning<\/strong><\/li>\n<\/ol>\n\n\n\n<p>Denna verksamhetsplan ligger till grund f\u00f6r \u00c5by Radioklubbs verksamhet \u00e5ret 2026<\/p>\n\n\n\n<p>Planering, genomf\u00f6rande och uppf\u00f6ljning av i planen ing\u00e5ende aktiviteter ska hanteras vid ordinarie styrelse- och m\u00e5nadsm\u00f6te. Planen ska ocks\u00e5 kunna ligga till grund f\u00f6r \u00e5rets verksamhetsber\u00e4ttelse.<\/p>\n\n\n\n<ul class=\"wp-block-list\">\n<li><strong>M\u00e5l och vision<\/strong><\/li>\n<\/ul>\n\n\n\n<p>\u00c5by Radioklubb har som m\u00e5l att under \u00e5ret;<\/p>\n\n\n\n<ul class=\"wp-block-list\">\n<li>\u00f6ka antalet medlemmar med fokus p\u00e5 den yngre generationen<\/li>\n\n\n\n<li>genomf\u00f6ra minst en utbildningsomg\u00e5ng avseende instegscertifiering<\/li>\n\n\n\n<li>genomf\u00f6ra minst en utbildningsomg\u00e5ng avseende amat\u00f6rradiocertifiering<\/li>\n\n\n\n<li>fortsatt samverkan med Klippans kommun avseende beredskapsfr\u00e5gor<\/li>\n\n\n\n<li>fortsatt samverkan med n\u00e4rliggande radioklubbar<\/li>\n\n\n\n<li>genomf\u00f6ra minst en radioloppis och en Field day i n\u00e4romr\u00e5det<\/li>\n<\/ul>\n\n\n\n<p>\u00c5by Radioklubb har som vision att, genom en aktiv marknadsf\u00f6ring, vara en efterfr\u00e5gad resurs f\u00f6r Klippans kommun och f\u00f6reningar i n\u00e4romr\u00e5det.<\/p>\n\n\n\n<ul class=\"wp-block-list\">\n<li><strong>M\u00f6te<\/strong><\/li>\n<\/ul>\n\n\n\n<p>Samtliga av nedanst\u00e5ende m\u00f6ten genomf\u00f6rs p\u00e5 Agentast\u00e4llet om inget annat meddelats.<\/p>\n\n\n\n<ul class=\"wp-block-list\">\n<li>\u00c5rsm\u00f6te genomf\u00f6rs enligt \u00c5by Radioklubbs stadgar<\/li>\n<\/ul>\n\n\n\n<ul class=\"wp-block-list\">\n<li>Styrelsem\u00f6te genomf\u00f6rs den tredje torsdagen i februari, maj, september och november. (2026-05-21, 2026-09-17, 2026-11-19, 2027-02-18)<\/li>\n<\/ul>\n\n\n\n<ul class=\"wp-block-list\">\n<li>M\u00e5nadsm\u00f6te genomf\u00f6rs sista m\u00e5ndagen i varje m\u00e5nad, med uppeh\u00e5ll i juni, juli och december samt februari d\u00e5 \u00e5rsm\u00f6te genomf\u00f6rs<\/li>\n<\/ul>\n\n\n\n<ul class=\"wp-block-list\">\n<li>Julfest avh\u00e5lls prelimin\u00e4rt p\u00e5 Agentast\u00e4llet 2026-12-05 (l\u00f6rdag)<\/li>\n<\/ul>\n\n\n\n<ul class=\"wp-block-list\">\n<li>Lucia avh\u00e5lls prelimin\u00e4rt p\u00e5 Agentast\u00e4llet 2026-12-14 (m\u00e5ndag)<\/li>\n<\/ul>\n\n\n\n<ul class=\"wp-block-list\">\n<li>Verksamhet<\/li>\n<\/ul>\n\n\n\n<p><strong>Intern verksamhet<\/strong><\/p>\n\n\n\n<ul class=\"wp-block-list\">\n<li>Genomf\u00f6ra klubbtr\u00e4ffar varje helgfri m\u00e5ndag kl 1900 med uppeh\u00e5ll under sommarperioden samt under jul och ny\u00e5r.<\/li>\n<\/ul>\n\n\n\n<ul class=\"wp-block-list\">\n<li>Genomf\u00f6ra intressev\u00e4ckande och uppfr\u00e4schande aktiviteter s\u00e5som telegrafi-, r\u00f6r- och antennteknik (l\u00e4rarledda).<\/li>\n<\/ul>\n\n\n\n<ul class=\"wp-block-list\">\n<li>Genomf\u00f6ra tester, interna t\u00e4vlingar och andra aktiviteter i syfte att \u00f6ka anv\u00e4ndandet av klubbens radiostationer och klubbsignal (SK7OL)<\/li>\n<\/ul>\n\n\n\n<ul class=\"wp-block-list\">\n<li>Genomf\u00f6ra radioloppis 2026-08-22, i samverkan med sponsorer, FRO och f\u00f6retag<\/li>\n<\/ul>\n\n\n\n<ul class=\"wp-block-list\">\n<li>Genomf\u00f6ra v\u00e5r \u00e5rliga \u201dField day\u201d i n\u00e4romr\u00e5det under kristihimmelsf\u00e4rdsdagen\u00a0<\/li>\n<\/ul>\n\n\n\n<ul class=\"wp-block-list\">\n<li>Genomf\u00f6ra f\u00f6rel\u00e4sning f\u00f6r klubbens medlemmar och andra intressenter (\u00c4mne beslutas p\u00e5 klubbtr\u00e4ff alternativt m\u00e5nadsm\u00f6te)<\/li>\n<\/ul>\n\n\n\n<ul class=\"wp-block-list\">\n<li>Genomf\u00f6ra utbildning och provtagning f\u00f6r blivande radioamat\u00f6rer<\/li>\n<\/ul>\n\n\n\n<ul class=\"wp-block-list\">\n<li>H\u00e5lla klubbens hemsida och Facebook konto aktuella<\/li>\n<\/ul>\n\n\n\n<ul class=\"wp-block-list\">\n<li>Kontinuerlig uppdatering av klubbens antenn- och radioanl\u00e4ggning<\/li>\n<\/ul>\n\n\n\n<ul class=\"wp-block-list\">\n<li>F\u00e4rdigst\u00e4lla annexet som elektronikverkstad samt \u201dradiomuseum\u201d<\/li>\n<\/ul>\n\n\n\n<ul class=\"wp-block-list\">\n<li>Iordningsst\u00e4lla f\u00f6rr\u00e5d f\u00f6r loppisprylar samt gamla verkstaden<\/li>\n<\/ul>\n\n\n\n<ul class=\"wp-block-list\">\n<li>Ta fram inventarielista f\u00f6r klubbens materiel<\/li>\n<\/ul>\n\n\n\n<ul class=\"wp-block-list\">\n<li>Genomf\u00f6ra v\u00e5r- och h\u00f6stst\u00e4ddag i och vid klubbens anl\u00e4ggningar<\/li>\n<\/ul>\n\n\n\n<p><strong>Extern verksamhet<\/strong><\/p>\n\n\n\n<ul class=\"wp-block-list\">\n<li>Genomf\u00f6ra samverkan\/\u00f6vning med Klippans kommun med m\u00e5ls\u00e4ttning att skapa resurser f\u00f6r att bemanna kommunens \u201dTrygghetspunkter\u201d samt ledningscentral.<\/li>\n<\/ul>\n\n\n\n<ul class=\"wp-block-list\">\n<li>Genomf\u00f6ra samverkan med n\u00e4rliggande radioklubbar, i syfte att ta fram aktiviteter och utbildningar som kan attrahera nya medlemmar samt eventuellt samutnyttjande av anl\u00e4ggningar<\/li>\n<\/ul>\n\n\n\n<ul class=\"wp-block-list\">\n<li>Organisera och samordna gemensam resa till Radioloppis f\u00f6r klubbens medlemmar<\/li>\n<\/ul>\n\n\n\n<ul class=\"wp-block-list\">\n<li>Organisera och samordna studiebes\u00f6k f\u00f6r klubbens medlemmar. F\u00f6rslag som n\u00e4mnts \u00e4r Grimeton Radiostation,\u00a0<\/li>\n<\/ul>\n\n\n\n<p><em>Ansvarig f\u00f6r respektive ovanst\u00e5ende aktivitet utses och f\u00f6ljs upp vid m\u00e5nads- och\/eller styrelsem\u00f6te. Om aktiviteten bed\u00f6ms belasta klubbens ekonomi, ska beslut fattas av styrelsen<\/em><\/p>\n\n\n\n<ul class=\"wp-block-list\">\n<li><strong>Utveckling<\/strong><\/li>\n<\/ul>\n\n\n\n<p>Utveckling av klubbens verksamhet bygger i stor utstr\u00e4ckning p\u00e5 engagemang fr\u00e5n medlemmar och eventuella sponsorer. Under \u00e5ret b\u00f6r olika typer av sponsring unders\u00f6kas och pr\u00f6vas. F\u00f6r att vi ska kunna f\u00f6rv\u00e4nta oss sponsorhj\u00e4lp, beh\u00f6ver vi ta fram f\u00f6rslag p\u00e5 olika aktiviteter som kan ge sponsorer tillbaka i form av reklam eller annan hj\u00e4lp.<\/p>\n\n\n\n<ul class=\"wp-block-list\">\n<li><strong>Fastst\u00e4llande<\/strong><\/li>\n<\/ul>\n\n\n\n<p>Fastst\u00e4llande av verksamhetsplanen sker vid innevarande \u00e5rs \u00e5rsm\u00f6te<\/p>\n\n\n\n<p>H\u00e4rmed fastst\u00e4lls verksamhetsplan f\u00f6r \u00c5by Radioklubb 2026<\/p>\n\n\n\n<p>Klippan 2026-02-23<\/p>\n\n\n\n<p>_______________________________<\/p>\n\n\n\n<p>Jan Emanuelsson<\/p>\n\n\n\n<p>Ordf\u00f6rande \u00c5by Radioklubb<\/p>\n","protected":false},"excerpt":{"rendered":"<p>Denna verksamhetsplan ligger till grund f\u00f6r \u00c5by Radioklubbs verksamhet \u00e5ret 2026 Planering, genomf\u00f6rande och uppf\u00f6ljning av i planen ing\u00e5ende aktiviteter ska hanteras vid ordinarie styrelse- och m\u00e5nadsm\u00f6te. Planen ska ocks\u00e5 kunna ligga till grund f\u00f6r \u00e5rets verksamhetsber\u00e4ttelse. \u00c5by Radioklubb har &hellip; <a href=\"https:\/\/sk7ol.com\/index.php\/verksamhetsplan-2026\/\">Forts\u00e4tt l\u00e4sa <span class=\"meta-nav\">&rarr;<\/span><\/a><\/p>\n","protected":false},"author":1,"featured_media":0,"parent":0,"menu_order":0,"comment_status":"closed","ping_status":"closed","template":"","meta":{"footnotes":""},"class_list":["post-1292","page","type-page","status-publish","hentry"],"_links":{"self":[{"href":"https:\/\/sk7ol.com\/index.php\/wp-json\/wp\/v2\/pages\/1292","targetHints":{"allow":["GET"]}}],"collection":[{"href":"https:\/\/sk7ol.com\/index.php\/wp-json\/wp\/v2\/pages"}],"about":[{"href":"https:\/\/sk7ol.com\/index.php\/wp-json\/wp\/v2\/types\/page"}],"author":[{"embeddable":true,"href":"https:\/\/sk7ol.com\/index.php\/wp-json\/wp\/v2\/users\/1"}],"replies":[{"embeddable":true,"href":"https:\/\/sk7ol.com\/index.php\/wp-json\/wp\/v2\/comments?post=1292"}],"version-history":[{"count":4,"href":"https:\/\/sk7ol.com\/index.php\/wp-json\/wp\/v2\/pages\/1292\/revisions"}],"predecessor-version":[{"id":1300,"href":"https:\/\/sk7ol.com\/index.php\/wp-json\/wp\/v2\/pages\/1292\/revisions\/1300"}],"wp:attachment":[{"href":"https:\/\/sk7ol.com\/index.php\/wp-json\/wp\/v2\/media?parent=1292"}],"curies":[{"name":"wp","href":"https:\/\/api.w.org\/{rel}","templated":true}]}}