{"id":1304,"date":"2026-02-25T06:12:14","date_gmt":"2026-02-25T05:12:14","guid":{"rendered":"https:\/\/sk7ol.com\/?page_id=1304"},"modified":"2026-02-26T12:11:49","modified_gmt":"2026-02-26T11:11:49","slug":"funktionarer","status":"publish","type":"page","link":"https:\/\/sk7ol.com\/index.php\/funktionarer\/","title":{"rendered":"Funktion\u00e4rer"},"content":{"rendered":"\n<p class=\"has-medium-font-size\" id=\"block-fa3e5ab1-13df-4d1b-a363-b0411fbabf78\">Efter val vid \u00e5rsm\u00f6te 2026<br><br><strong>Revisorer<\/strong><br>Hans Elmlund SH7UNO&nbsp;<br>J\u00f6rgen M\u00e5rtensson SA7JMA&nbsp;<\/p>\n\n\n\n<p class=\"has-medium-font-size\"><strong>Revisorssuppleant<\/strong><br>Ales Matosek SM7VUZ)<\/p>\n\n\n\n<p class=\"has-medium-font-size\"><strong>Klubbstugev\u00e4rd<\/strong>&nbsp;<br>Bengt Borg SA0BBO&nbsp;<br><strong>Bitr\u00e4dande<\/strong>&nbsp;<strong>klubbstugev\u00e4rd<\/strong>&nbsp;<br>John Primdahl SM7IPR&nbsp;<\/p>\n\n\n\n<p class=\"has-medium-font-size\"><strong>Datorf\u00f6rest\u00e5ndare<\/strong>\u00a0<br>Per-Olov Johansson SM7SPG\u00a0<\/p>\n\n\n\n<p class=\"has-medium-font-size\"><strong>Kontakt<\/strong>&nbsp;<strong>myndigheter<\/strong>&nbsp;<br>Jan Emanuelsson SM7KOJ&nbsp;<\/p>\n\n\n\n<p class=\"has-medium-font-size\"><strong>Ansvarig<\/strong>&nbsp;<strong>Hallands\u00e5sen<\/strong>&nbsp;<strong>tillika<\/strong>&nbsp;<strong>repeaterf\u00f6rest\u00e5ndare<\/strong>:<br>Per Bruhn SM7YES&nbsp;<br>Bengt Ekstrand SM7VUK&nbsp;<\/p>\n\n\n\n<p class=\"has-medium-font-size\"><strong>Stationsf\u00f6rest\u00e5ndare SK7OL<\/strong>:&nbsp;<br>Stefan Nilsson SA7SAP&nbsp;<br>Per-Olov Johansson SM7SPG&nbsp;<\/p>\n\n\n\n<p class=\"has-medium-font-size\"><strong>QSL-manager In\/Ut<\/strong>: <br>Per-Olov Johansson SM7SPG&nbsp;<\/p>\n\n\n\n<p class=\"has-medium-font-size\"><strong>Webmaster<\/strong>: <br>Jan Emanuelsson SM7KOJ&nbsp;<\/p>\n\n\n\n<p class=\"has-medium-font-size\"><strong>Ungdomsansvarig<\/strong>: <br>Vakant&nbsp;<\/p>\n\n\n\n<p class=\"has-medium-font-size\" id=\"block-a775ed0b-a312-4187-8d74-46cf41a2bc69\"><strong>Valberedningen:<\/strong><br><strong>Sammankallande<\/strong>&nbsp;<br>Vakant&nbsp;<br><strong>Ledamot<\/strong>&nbsp;<br>Vakant<\/p>\n","protected":false},"excerpt":{"rendered":"<p>Efter val vid \u00e5rsm\u00f6te 2026 RevisorerHans Elmlund SH7UNO&nbsp;J\u00f6rgen M\u00e5rtensson SA7JMA&nbsp; RevisorssuppleantAles Matosek SM7VUZ) Klubbstugev\u00e4rd&nbsp;Bengt Borg SA0BBO&nbsp;Bitr\u00e4dande&nbsp;klubbstugev\u00e4rd&nbsp;John Primdahl SM7IPR&nbsp; Datorf\u00f6rest\u00e5ndare\u00a0Per-Olov Johansson SM7SPG\u00a0 Kontakt&nbsp;myndigheter&nbsp;Jan Emanuelsson SM7KOJ&nbsp; Ansvarig&nbsp;Hallands\u00e5sen&nbsp;tillika&nbsp;repeaterf\u00f6rest\u00e5ndare:Per Bruhn SM7YES&nbsp;Bengt Ekstrand SM7VUK&nbsp; Stationsf\u00f6rest\u00e5ndare SK7OL:&nbsp;Stefan Nilsson SA7SAP&nbsp;Per-Olov Johansson SM7SPG&nbsp; QSL-manager In\/Ut: Per-Olov Johansson SM7SPG&nbsp; &hellip; <a href=\"https:\/\/sk7ol.com\/index.php\/funktionarer\/\">Forts\u00e4tt l\u00e4sa <span class=\"meta-nav\">&rarr;<\/span><\/a><\/p>\n","protected":false},"author":1,"featured_media":0,"parent":0,"menu_order":0,"comment_status":"closed","ping_status":"closed","template":"","meta":{"footnotes":""},"class_list":["post-1304","page","type-page","status-publish","hentry"],"_links":{"self":[{"href":"https:\/\/sk7ol.com\/index.php\/wp-json\/wp\/v2\/pages\/1304","targetHints":{"allow":["GET"]}}],"collection":[{"href":"https:\/\/sk7ol.com\/index.php\/wp-json\/wp\/v2\/pages"}],"about":[{"href":"https:\/\/sk7ol.com\/index.php\/wp-json\/wp\/v2\/types\/page"}],"author":[{"embeddable":true,"href":"https:\/\/sk7ol.com\/index.php\/wp-json\/wp\/v2\/users\/1"}],"replies":[{"embeddable":true,"href":"https:\/\/sk7ol.com\/index.php\/wp-json\/wp\/v2\/comments?post=1304"}],"version-history":[{"count":3,"href":"https:\/\/sk7ol.com\/index.php\/wp-json\/wp\/v2\/pages\/1304\/revisions"}],"predecessor-version":[{"id":1314,"href":"https:\/\/sk7ol.com\/index.php\/wp-json\/wp\/v2\/pages\/1304\/revisions\/1314"}],"wp:attachment":[{"href":"https:\/\/sk7ol.com\/index.php\/wp-json\/wp\/v2\/media?parent=1304"}],"curies":[{"name":"wp","href":"https:\/\/api.w.org\/{rel}","templated":true}]}}