{"id":1347,"date":"2026-03-19T06:04:06","date_gmt":"2026-03-19T05:04:06","guid":{"rendered":"https:\/\/sk7ol.com\/?page_id=1347"},"modified":"2026-03-19T06:04:06","modified_gmt":"2026-03-19T05:04:06","slug":"repeater-sk7rsz-respektive-sk7rqx","status":"publish","type":"page","link":"https:\/\/sk7ol.com\/index.php\/repeater-sk7rsz-respektive-sk7rqx\/","title":{"rendered":"Repeater SK7RSZ respektive SK7RQX"},"content":{"rendered":"\n<p class=\"has-medium-font-size\">Just nu \u00e4r tv\u00e5 stycken i drift, p\u00e5 2m respektive 70cm. F\u00f6r att f\u00e5 aktuell info om hur de \u00e4r konfigurerade \u00e4r det l\u00e4mpligt att g\u00e5 till respektive repeater egen sida, l\u00e4nk nedan, d\u00e4r det mesta finns att l\u00e4sa. <br>Vill man ha f\u00f6rdjupad info finns det flera olika l\u00e4nkar till ytterligare information.<\/p>\n\n\n\n<figure class=\"wp-block-table is-style-regular has-large-font-size\"><table class=\"has-fixed-layout\"><tbody><tr><td class=\"has-text-align-center\" data-align=\"center\"><a href=\"https:\/\/sk7ol.com\/index.php\/repeater-sk7rsz\/\">SK7RSZ<\/a><\/td><td class=\"has-text-align-center\" data-align=\"center\"><a href=\"https:\/\/sk7ol.com\/index.php\/repeater-sk7rqx\/\">SK7RQX<\/a><\/td><\/tr><tr><td class=\"has-text-align-center\" data-align=\"center\"><a href=\"https:\/\/sk7ol.com\/index.php\/repeater-sk7rsz\/\">145.7875 MHz<\/a><\/td><td class=\"has-text-align-center\" data-align=\"center\"><a href=\"https:\/\/sk7ol.com\/index.php\/repeater-sk7rqx\/\">434.6625 MHz<\/a><\/td><\/tr><\/tbody><\/table><\/figure>\n\n\n\n<p class=\"has-medium-font-size\">Fr\u00e5gor och lyssnarrapporter mottages g\u00e4rna p\u00e5 <a href=\"mailto:sk7ol.info@gmail.com\">sk7ol.info@gmail.com<\/a><\/p>\n\n\n\n<p class=\"has-text-align-center\"><strong>Vill du st\u00f6da driften och utvecklingen av repeatern skulle vi uppskatta ett bidrag dedikerat till just repeatern.<br><br>S\u00e4tt in valfritt belopp p\u00e5 v\u00e5rt bankgiro 5685-6131 och m\u00e4rk det med &#8221;REPEATER&#8221;<\/strong><\/p>\n\n\n\n<p><\/p>\n","protected":false},"excerpt":{"rendered":"<p>Just nu \u00e4r tv\u00e5 stycken i drift, p\u00e5 2m respektive 70cm. F\u00f6r att f\u00e5 aktuell info om hur de \u00e4r konfigurerade \u00e4r det l\u00e4mpligt att g\u00e5 till respektive repeater egen sida, l\u00e4nk nedan, d\u00e4r det mesta finns att l\u00e4sa. Vill &hellip; <a href=\"https:\/\/sk7ol.com\/index.php\/repeater-sk7rsz-respektive-sk7rqx\/\">Forts\u00e4tt l\u00e4sa <span class=\"meta-nav\">&rarr;<\/span><\/a><\/p>\n","protected":false},"author":1,"featured_media":0,"parent":0,"menu_order":0,"comment_status":"closed","ping_status":"closed","template":"","meta":{"footnotes":""},"class_list":["post-1347","page","type-page","status-publish","hentry"],"_links":{"self":[{"href":"https:\/\/sk7ol.com\/index.php\/wp-json\/wp\/v2\/pages\/1347","targetHints":{"allow":["GET"]}}],"collection":[{"href":"https:\/\/sk7ol.com\/index.php\/wp-json\/wp\/v2\/pages"}],"about":[{"href":"https:\/\/sk7ol.com\/index.php\/wp-json\/wp\/v2\/types\/page"}],"author":[{"embeddable":true,"href":"https:\/\/sk7ol.com\/index.php\/wp-json\/wp\/v2\/users\/1"}],"replies":[{"embeddable":true,"href":"https:\/\/sk7ol.com\/index.php\/wp-json\/wp\/v2\/comments?post=1347"}],"version-history":[{"count":1,"href":"https:\/\/sk7ol.com\/index.php\/wp-json\/wp\/v2\/pages\/1347\/revisions"}],"predecessor-version":[{"id":1349,"href":"https:\/\/sk7ol.com\/index.php\/wp-json\/wp\/v2\/pages\/1347\/revisions\/1349"}],"wp:attachment":[{"href":"https:\/\/sk7ol.com\/index.php\/wp-json\/wp\/v2\/media?parent=1347"}],"curies":[{"name":"wp","href":"https:\/\/api.w.org\/{rel}","templated":true}]}}