{"id":1428,"date":"2026-05-06T16:57:40","date_gmt":"2026-05-06T14:57:40","guid":{"rendered":"https:\/\/sk7ol.com\/?page_id=1428"},"modified":"2026-05-06T16:57:40","modified_gmt":"2026-05-06T14:57:40","slug":"alternative-activities-for-accompanying-partner","status":"publish","type":"page","link":"https:\/\/sk7ol.com\/index.php\/alternative-activities-for-accompanying-partner\/","title":{"rendered":"Alternative activities for accompanying partner"},"content":{"rendered":"\n<p class=\"has-medium-font-size\" id=\"tw-target-text\"><strong>Ljungbyhed Milit\u00e4rhistoriska Museum<\/strong><br><br>More info will come<\/p>\n\n\n\n<p class=\"has-medium-font-size\"><strong>Dressincykling<\/strong><br><br>More info will come<\/p>\n\n\n\n<p class=\"has-medium-font-size\"><strong>S\u00f6der\u00e5sens Nationalpark<\/strong><br><br>More info will come<\/p>\n\n\n\n<p><\/p>\n","protected":false},"excerpt":{"rendered":"<p>Ljungbyhed Milit\u00e4rhistoriska Museum More info will come Dressincykling More info will come S\u00f6der\u00e5sens Nationalpark More info will come<\/p>\n","protected":false},"author":1,"featured_media":0,"parent":0,"menu_order":0,"comment_status":"closed","ping_status":"closed","template":"","meta":{"footnotes":""},"class_list":["post-1428","page","type-page","status-publish","hentry"],"_links":{"self":[{"href":"https:\/\/sk7ol.com\/index.php\/wp-json\/wp\/v2\/pages\/1428","targetHints":{"allow":["GET"]}}],"collection":[{"href":"https:\/\/sk7ol.com\/index.php\/wp-json\/wp\/v2\/pages"}],"about":[{"href":"https:\/\/sk7ol.com\/index.php\/wp-json\/wp\/v2\/types\/page"}],"author":[{"embeddable":true,"href":"https:\/\/sk7ol.com\/index.php\/wp-json\/wp\/v2\/users\/1"}],"replies":[{"embeddable":true,"href":"https:\/\/sk7ol.com\/index.php\/wp-json\/wp\/v2\/comments?post=1428"}],"version-history":[{"count":1,"href":"https:\/\/sk7ol.com\/index.php\/wp-json\/wp\/v2\/pages\/1428\/revisions"}],"predecessor-version":[{"id":1430,"href":"https:\/\/sk7ol.com\/index.php\/wp-json\/wp\/v2\/pages\/1428\/revisions\/1430"}],"wp:attachment":[{"href":"https:\/\/sk7ol.com\/index.php\/wp-json\/wp\/v2\/media?parent=1428"}],"curies":[{"name":"wp","href":"https:\/\/api.w.org\/{rel}","templated":true}]}}