{"id":15,"date":"2022-03-04T19:05:44","date_gmt":"2022-03-04T18:05:44","guid":{"rendered":"http:\/\/localhost\/?page_id=15"},"modified":"2025-11-28T18:36:29","modified_gmt":"2025-11-28T17:36:29","slug":"klubblokal","status":"publish","type":"page","link":"https:\/\/sk7ol.com\/index.php\/klubblokal\/","title":{"rendered":"Klubblokal"},"content":{"rendered":"\n<figure class=\"wp-block-image size-full\"><img loading=\"lazy\" decoding=\"async\" width=\"1969\" height=\"1477\" src=\"https:\/\/sk7ol.com\/wp-content\/uploads\/2022\/03\/sk7ol_bbo1_liten-2.jpg\" alt=\"\" class=\"wp-image-139\"\/><\/figure>\n\n\n\n<p>V\u00e5r klubblokal hittar du p\u00e5 Skytteskogsv\u00e4gen i Klippan. Den ligger utmed v\u00e4g 21 i h\u00f6jd med Pappersbruket och &#8221;Krikakorset&#8221;.<br>Inte helt l\u00e4tt att missa v\u00e5r 26 meter h\u00f6ga fackverksmast.<\/p>\n\n\n\n<figure class=\"wp-block-image size-full\"><img loading=\"lazy\" decoding=\"async\" width=\"1199\" height=\"799\" src=\"https:\/\/sk7ol.com\/wp-content\/uploads\/2024\/03\/SK7OL_kliubbstuga.jpeg\" alt=\"\" class=\"wp-image-838\"\/><\/figure>\n\n\n\n<p>\u00d6ppettider \u00e4r varje m\u00e5ndag fr\u00e5n kl 19.00 (ibland tidigare) och fram till ca 21.00<br>\u00d6vriga dagar och tider om det finns intresse eller behov av att komma in.<br>Har du inte egen nyckel och tagg till larmet, s\u00e5 h\u00f6r av dig till n\u00e5gon i styrelsen, s\u00e5 kan de hj\u00e4lpa till att hitta n\u00e5gon som kan komma och \u00f6ppna upp.<\/p>\n","protected":false},"excerpt":{"rendered":"<p>V\u00e5r klubblokal hittar du p\u00e5 Skytteskogsv\u00e4gen i Klippan. Den ligger utmed v\u00e4g 21 i h\u00f6jd med Pappersbruket och &#8221;Krikakorset&#8221;.Inte helt l\u00e4tt att missa v\u00e5r 26 meter h\u00f6ga fackverksmast. \u00d6ppettider \u00e4r varje m\u00e5ndag fr\u00e5n kl 19.00 (ibland tidigare) och fram till &hellip; <a href=\"https:\/\/sk7ol.com\/index.php\/klubblokal\/\">Forts\u00e4tt l\u00e4sa <span class=\"meta-nav\">&rarr;<\/span><\/a><\/p>\n","protected":false},"author":1,"featured_media":0,"parent":0,"menu_order":0,"comment_status":"closed","ping_status":"closed","template":"","meta":{"footnotes":""},"class_list":["post-15","page","type-page","status-publish","hentry"],"_links":{"self":[{"href":"https:\/\/sk7ol.com\/index.php\/wp-json\/wp\/v2\/pages\/15","targetHints":{"allow":["GET"]}}],"collection":[{"href":"https:\/\/sk7ol.com\/index.php\/wp-json\/wp\/v2\/pages"}],"about":[{"href":"https:\/\/sk7ol.com\/index.php\/wp-json\/wp\/v2\/types\/page"}],"author":[{"embeddable":true,"href":"https:\/\/sk7ol.com\/index.php\/wp-json\/wp\/v2\/users\/1"}],"replies":[{"embeddable":true,"href":"https:\/\/sk7ol.com\/index.php\/wp-json\/wp\/v2\/comments?post=15"}],"version-history":[{"count":5,"href":"https:\/\/sk7ol.com\/index.php\/wp-json\/wp\/v2\/pages\/15\/revisions"}],"predecessor-version":[{"id":1206,"href":"https:\/\/sk7ol.com\/index.php\/wp-json\/wp\/v2\/pages\/15\/revisions\/1206"}],"wp:attachment":[{"href":"https:\/\/sk7ol.com\/index.php\/wp-json\/wp\/v2\/media?parent=15"}],"curies":[{"name":"wp","href":"https:\/\/api.w.org\/{rel}","templated":true}]}}