{"id":161,"date":"2022-03-22T17:24:19","date_gmt":"2022-03-22T16:24:19","guid":{"rendered":"https:\/\/sk7ol.com\/?page_id=161"},"modified":"2023-10-11T10:28:46","modified_gmt":"2023-10-11T08:28:46","slug":"radiosamband","status":"publish","type":"page","link":"https:\/\/sk7ol.com\/index.php\/radiosamband\/","title":{"rendered":"Radiosamband"},"content":{"rendered":"\n<p>Samarbete med Klippans kommun att s\u00e4kerst\u00e4lla samband mellan kontaktpunkter inom kommunen.<\/p>\n\n\n\n<p>Kan detta vara n\u00e5got som kan passa in p\u00e5 dig? Du \u00e4r ju intresserad av radio och samband mellan olika platser, s\u00e5 varf\u00f6r inte g\u00f6ra lite samh\u00e4llsnytta p\u00e5 samma g\u00e5ng och visa att vi inte \u00e4r en samling gamla gubbar som bara sitter och dricker kaffe och snackar strunt.<\/p>\n\n\n\n<p>F\u00f6r mer information kontakta g\u00e4rna <br>SA0BBO Bengt <br>tel 076-8322652 <br>mail <a href=\"mailto:beib@telia.com\">beib@telia.com<\/a><\/p>\n","protected":false},"excerpt":{"rendered":"<p>Samarbete med Klippans kommun att s\u00e4kerst\u00e4lla samband mellan kontaktpunkter inom kommunen. Kan detta vara n\u00e5got som kan passa in p\u00e5 dig? Du \u00e4r ju intresserad av radio och samband mellan olika platser, s\u00e5 varf\u00f6r inte g\u00f6ra lite samh\u00e4llsnytta p\u00e5 samma &hellip; <a href=\"https:\/\/sk7ol.com\/index.php\/radiosamband\/\">Forts\u00e4tt l\u00e4sa <span class=\"meta-nav\">&rarr;<\/span><\/a><\/p>\n","protected":false},"author":1,"featured_media":0,"parent":0,"menu_order":0,"comment_status":"closed","ping_status":"closed","template":"","meta":{"footnotes":""},"class_list":["post-161","page","type-page","status-publish","hentry"],"_links":{"self":[{"href":"https:\/\/sk7ol.com\/index.php\/wp-json\/wp\/v2\/pages\/161","targetHints":{"allow":["GET"]}}],"collection":[{"href":"https:\/\/sk7ol.com\/index.php\/wp-json\/wp\/v2\/pages"}],"about":[{"href":"https:\/\/sk7ol.com\/index.php\/wp-json\/wp\/v2\/types\/page"}],"author":[{"embeddable":true,"href":"https:\/\/sk7ol.com\/index.php\/wp-json\/wp\/v2\/users\/1"}],"replies":[{"embeddable":true,"href":"https:\/\/sk7ol.com\/index.php\/wp-json\/wp\/v2\/comments?post=161"}],"version-history":[{"count":4,"href":"https:\/\/sk7ol.com\/index.php\/wp-json\/wp\/v2\/pages\/161\/revisions"}],"predecessor-version":[{"id":764,"href":"https:\/\/sk7ol.com\/index.php\/wp-json\/wp\/v2\/pages\/161\/revisions\/764"}],"wp:attachment":[{"href":"https:\/\/sk7ol.com\/index.php\/wp-json\/wp\/v2\/media?parent=161"}],"curies":[{"name":"wp","href":"https:\/\/api.w.org\/{rel}","templated":true}]}}