{"id":48,"date":"2022-03-05T21:32:59","date_gmt":"2022-03-05T20:32:59","guid":{"rendered":"https:\/\/sk7ol.com\/?page_id=48"},"modified":"2025-12-01T21:24:20","modified_gmt":"2025-12-01T20:24:20","slug":"medlemskap","status":"publish","type":"page","link":"https:\/\/sk7ol.com\/index.php\/medlemskap\/","title":{"rendered":"Medlemskap"},"content":{"rendered":"\n<p>Medlemskap i \u00c5by radioklubb kostar 500.- \/ \u00e5r.<br>Det g\u00e4ller f\u00f6r samtliga familjemedlemmar skrivna p\u00e5 samma adress.<\/p>\n\n\n\n<p>F\u00f6r att bli medlem kan man l\u00e4sa f\u00f6ljande i klubbens stadgar:<\/p>\n\n\n\n<blockquote class=\"wp-block-quote is-layout-flow wp-block-quote-is-layout-flow\">\n<p><strong>\u00a7 2<\/strong><br><strong>MEDLEMSKAP<\/strong><br>R\u00e4tt till medlemskap \u00e4ger varje radiointresserad person som s\u00f6ker intr\u00e4de, rekommenderas av tv\u00e5 medlemmar, betalar f\u00f6reskrivna avgifter samt efterlever klubbens stadgar och best\u00e4mmelser.<\/p>\n<\/blockquote>\n\n\n\n<p>Ans\u00f6kningsblanketter finns att f\u00e5 i v\u00e5r klubblokal p\u00e5 Agentast\u00e4llet.<br>D\u00e4r h\u00e5ller vi \u00f6ppet varje m\u00e5ndag fr\u00e5n kl 19.00<br>Alternativt kan vi maila ut blankett och stadgar om du har sv\u00e5rt att ta dig till Klippan.<br><br>Medlemsavgiften betalar man in till v\u00e5rt bankgiro 5685-6131<br>Detta \u00e4r det som g\u00e4ller fr\u00e5n 2021-01-01<br>Gl\u00f6m inte att skriva ditt namn, anropssignal (om du har n\u00e5gon) samt <br>f\u00f6delsedatum (\u00e5r-m\u00e5nad-dag).<\/p>\n","protected":false},"excerpt":{"rendered":"<p>Medlemskap i \u00c5by radioklubb kostar 500.- \/ \u00e5r.Det g\u00e4ller f\u00f6r samtliga familjemedlemmar skrivna p\u00e5 samma adress. F\u00f6r att bli medlem kan man l\u00e4sa f\u00f6ljande i klubbens stadgar: \u00a7 2MEDLEMSKAPR\u00e4tt till medlemskap \u00e4ger varje radiointresserad person som s\u00f6ker intr\u00e4de, rekommenderas av &hellip; <a href=\"https:\/\/sk7ol.com\/index.php\/medlemskap\/\">Forts\u00e4tt l\u00e4sa <span class=\"meta-nav\">&rarr;<\/span><\/a><\/p>\n","protected":false},"author":1,"featured_media":0,"parent":0,"menu_order":0,"comment_status":"closed","ping_status":"closed","template":"","meta":{"footnotes":""},"class_list":["post-48","page","type-page","status-publish","hentry"],"_links":{"self":[{"href":"https:\/\/sk7ol.com\/index.php\/wp-json\/wp\/v2\/pages\/48","targetHints":{"allow":["GET"]}}],"collection":[{"href":"https:\/\/sk7ol.com\/index.php\/wp-json\/wp\/v2\/pages"}],"about":[{"href":"https:\/\/sk7ol.com\/index.php\/wp-json\/wp\/v2\/types\/page"}],"author":[{"embeddable":true,"href":"https:\/\/sk7ol.com\/index.php\/wp-json\/wp\/v2\/users\/1"}],"replies":[{"embeddable":true,"href":"https:\/\/sk7ol.com\/index.php\/wp-json\/wp\/v2\/comments?post=48"}],"version-history":[{"count":5,"href":"https:\/\/sk7ol.com\/index.php\/wp-json\/wp\/v2\/pages\/48\/revisions"}],"predecessor-version":[{"id":1209,"href":"https:\/\/sk7ol.com\/index.php\/wp-json\/wp\/v2\/pages\/48\/revisions\/1209"}],"wp:attachment":[{"href":"https:\/\/sk7ol.com\/index.php\/wp-json\/wp\/v2\/media?parent=48"}],"curies":[{"name":"wp","href":"https:\/\/api.w.org\/{rel}","templated":true}]}}