{"id":53,"date":"2022-03-05T21:33:43","date_gmt":"2022-03-05T20:33:43","guid":{"rendered":"https:\/\/sk7ol.com\/?page_id=53"},"modified":"2026-02-17T10:49:11","modified_gmt":"2026-02-17T09:49:11","slug":"aktiviteter","status":"publish","type":"page","link":"https:\/\/sk7ol.com\/index.php\/aktiviteter\/","title":{"rendered":"Aktiviteter"},"content":{"rendered":"\n<p class=\"has-large-font-size\"><strong>22 AUGUSTI LOPPMARKNAD<\/strong><\/p>\n\n\n\n<p>Sedvanlig loppmarknad hos SK7OL p\u00e5 Agentast\u00e4llet, Skytteskogsv\u00e4gen 2 i Klippan, kommer att avh\u00e5llas den 22\/8.<br>Som vanligt hoppas vi p\u00e5 massor av grejor man inte visste man beh\u00f6vde&#8230;<br>Lotteri med vinster bl.a. sk\u00e4nkta av givmilda sponsorer (alltid plats f\u00f6r fler sponsorer).<br>Kiosken har \u00f6ppet med dryck och n\u00e5got att \u00e4ta till det.<br><br>H\u00e5ll utkik p\u00e5 v\u00e5r hemsida och p\u00e5 SSA\u00b4s olika kanaler.<br><br>Fr\u00e5gor tas emot p\u00e5 <a href=\"mailto:sk7ol.info@gmail.com\">sk7ol.info@gmail.com<\/a><\/p>\n\n\n\n<p><\/p>\n\n\n\n<figure class=\"wp-block-image size-full\"><img loading=\"lazy\" decoding=\"async\" width=\"1667\" height=\"1110\" src=\"https:\/\/sk7ol.com\/wp-content\/uploads\/2023\/05\/1_18_maj_2023-_SK7OL_Fieldday_-_JE4_7305.jpg\" alt=\"\" class=\"wp-image-696\"\/><\/figure>\n\n\n\n<p><strong>Alla helgfria m\u00e5ndagar<\/strong><br>Vi tr\u00e4ffas k\u00f6r lite radio, tar en kopp kaffe och f\u00f6rs\u00f6ker l\u00f6sa v\u00e4rldsproblemen&#8230;<br>Kanske vi beh\u00f6ver hj\u00e4lp av andra medlemmar med n\u00e5gon teknisk pryl.<br>Har du varit aktiv s\u00e5 kan det finnas QSL-kort som ligger och v\u00e4ntar p\u00e5 dig.<\/p>\n\n\n\n<p><strong>Sista m\u00e5ndagen varje m\u00e5nad<br><\/strong>D\u00e5 \u00e4r det klubbm\u00f6te d\u00e4r vi kan best\u00e4mma vad vi vill ska h\u00e4nda fram\u00f6ver och f\u00e5 info om aktuella h\u00e4ndelser.<\/p>\n\n\n\n<p>Ut\u00f6ver dessa fastst\u00e4llda aktiviteter s\u00e5 kommer det att bli antennarbete i klubbens mast, f\u00f6rb\u00e4ttringar i radiorummet.<br>I v\u00e5r verksamhetsplan finns \u00e4ven upptaget fieldays, julbord, luciakaffe, f\u00f6redrag och loppmarknad som vi siktar in oss p\u00e5 att vara \u00e5rligen under vecka 34.<\/p>\n\n\n\n<p>Styrelsen tar givetvis emot f\u00f6rslag p\u00e5 aktiviteter som kan intressera v\u00e5ra medlemmar. Kanske du sj\u00e4lv kan bidraga med n\u00e5got intressant.<\/p>\n\n\n\n<figure class=\"wp-block-pullquote\"><blockquote><p>Fr\u00e5ga inte vad klubben kan g\u00f6ra f\u00f6r dig, <br>utan vad du kan g\u00f6ra f\u00f6r klubben<\/p><\/blockquote><\/figure>\n","protected":false},"excerpt":{"rendered":"<p>22 AUGUSTI LOPPMARKNAD Sedvanlig loppmarknad hos SK7OL p\u00e5 Agentast\u00e4llet, Skytteskogsv\u00e4gen 2 i Klippan, kommer att avh\u00e5llas den 22\/8.Som vanligt hoppas vi p\u00e5 massor av grejor man inte visste man beh\u00f6vde&#8230;Lotteri med vinster bl.a. sk\u00e4nkta av givmilda sponsorer (alltid plats f\u00f6r &hellip; <a href=\"https:\/\/sk7ol.com\/index.php\/aktiviteter\/\">Forts\u00e4tt l\u00e4sa <span class=\"meta-nav\">&rarr;<\/span><\/a><\/p>\n","protected":false},"author":1,"featured_media":0,"parent":0,"menu_order":0,"comment_status":"closed","ping_status":"closed","template":"","meta":{"footnotes":""},"class_list":["post-53","page","type-page","status-publish","hentry"],"_links":{"self":[{"href":"https:\/\/sk7ol.com\/index.php\/wp-json\/wp\/v2\/pages\/53","targetHints":{"allow":["GET"]}}],"collection":[{"href":"https:\/\/sk7ol.com\/index.php\/wp-json\/wp\/v2\/pages"}],"about":[{"href":"https:\/\/sk7ol.com\/index.php\/wp-json\/wp\/v2\/types\/page"}],"author":[{"embeddable":true,"href":"https:\/\/sk7ol.com\/index.php\/wp-json\/wp\/v2\/users\/1"}],"replies":[{"embeddable":true,"href":"https:\/\/sk7ol.com\/index.php\/wp-json\/wp\/v2\/comments?post=53"}],"version-history":[{"count":6,"href":"https:\/\/sk7ol.com\/index.php\/wp-json\/wp\/v2\/pages\/53\/revisions"}],"predecessor-version":[{"id":1274,"href":"https:\/\/sk7ol.com\/index.php\/wp-json\/wp\/v2\/pages\/53\/revisions\/1274"}],"wp:attachment":[{"href":"https:\/\/sk7ol.com\/index.php\/wp-json\/wp\/v2\/media?parent=53"}],"curies":[{"name":"wp","href":"https:\/\/api.w.org\/{rel}","templated":true}]}}