{"id":865,"date":"2024-08-11T16:42:03","date_gmt":"2024-08-11T14:42:03","guid":{"rendered":"https:\/\/sk7ol.com\/?page_id=865"},"modified":"2026-02-22T16:47:29","modified_gmt":"2026-02-22T15:47:29","slug":"loppisprylar","status":"publish","type":"page","link":"https:\/\/sk7ol.com\/index.php\/loppisprylar\/","title":{"rendered":"LOPPMARKNAD 2026-08-22"},"content":{"rendered":"\n<p class=\"has-large-font-size\"><strong>H\u00e5ll utkik efter uppdaterad <\/strong><br><br><strong>information h\u00e4r<\/strong>&#8230;<\/p>\n\n\n\n<figure class=\"wp-block-image size-full is-resized\"><img loading=\"lazy\" decoding=\"async\" width=\"417\" height=\"244\" src=\"https:\/\/sk7ol.com\/wp-content\/uploads\/2025\/08\/IMG_9588_-_loppis_-_01.jpg\" alt=\"\" class=\"wp-image-1144\" style=\"width:670px;height:auto\"\/><\/figure>\n\n\n\n<h2 class=\"wp-block-heading\"><strong>LOPPISINFO<\/strong><\/h2>\n\n\n\n<p>\u00c5terigen \u00e4r det dags f\u00f6r \u00c5BY Radioklubbs \u00e5rliga loppmarknad p\u00e5 Agentast\u00e4llet, Skytteskogsv\u00e4gen 2 i Klippan. Vi hoppas att bes\u00f6ksantalet \u00e4ven i \u00e5r blir runt 100 personer. Gratis parkering finns i direkt anslutning.<\/p>\n\n\n\n<p><strong>Temat \u00e4r radio-, elektronik- samt teknikrelaterad utrustning och komponenter.<\/strong><\/p>\n\n\n\n<p>F\u00f6r att h\u00e5lla hunger och t\u00f6rst borta kommer v\u00e5r popul\u00e4ra kiosk att vara fylld med \u201dk\u00f6bekakor\u201d, hembakeribakat, platsgrillad korv med br\u00f6d och n\u00e5got att dricka till det.<\/p>\n\n\n\n<p>Du kan ocks\u00e5 ta chansen i v\u00e5rt lotteri med fina priser fr\u00e5n v\u00e5ra sponsorer.&nbsp;<\/p>\n\n\n\n<p>Prelimin\u00e4r planering enligt f\u00f6ljande:<\/p>\n\n\n\n<ul class=\"wp-block-list\">\n<li>10.00 loppmarknaden \u00f6ppnar<\/li>\n\n\n\n<li>10.00 kiosken \u00f6ppen med kaffe\/l\u00e4sk\/vatten och tilltugg<\/li>\n\n\n\n<li>10.00 lottf\u00f6rs\u00e4ljning startar, k\u00f6p s\u00e5 m\u00e5nga du vill f\u00f6r 10kr\/st<\/li>\n\n\n\n<li>11.30 grillen \u00e4r gl\u00f6dande och korvf\u00f6rs\u00e4ljning b\u00f6rjar<\/li>\n\n\n\n<li>13.00 lotterif\u00f6rs\u00e4ljning avslutas<\/li>\n\n\n\n<li>13.30 vinstlistan presenteras med m\u00f6jlighet att h\u00e4mta ut sina vinster<\/li>\n\n\n\n<li>15.00 loppmarknaden st\u00e4nger f\u00f6r detta \u00e5r<\/li>\n<\/ul>\n\n\n\n<p>Kontaktpersoner:<\/p>\n\n\n\n<p>\u201dLoppisgeneral\u201d Stefan Nilsson 070-575 07 42&nbsp;<a href=\"mailto:telenil@hotmail.com\">telenil@hotmail.com<\/a><br>Ordf\u00f6rande Jan Emanuelsson 070-717 42 38&nbsp;<a href=\"mailto:sm7koj@telia.com\">sm7koj@telia.com<\/a><\/p>\n\n\n\n<p><br><\/p>\n","protected":false},"excerpt":{"rendered":"<p>H\u00e5ll utkik efter uppdaterad information h\u00e4r&#8230; LOPPISINFO \u00c5terigen \u00e4r det dags f\u00f6r \u00c5BY Radioklubbs \u00e5rliga loppmarknad p\u00e5 Agentast\u00e4llet, Skytteskogsv\u00e4gen 2 i Klippan. Vi hoppas att bes\u00f6ksantalet \u00e4ven i \u00e5r blir runt 100 personer. Gratis parkering finns i direkt anslutning. Temat &hellip; <a href=\"https:\/\/sk7ol.com\/index.php\/loppisprylar\/\">Forts\u00e4tt l\u00e4sa <span class=\"meta-nav\">&rarr;<\/span><\/a><\/p>\n","protected":false},"author":1,"featured_media":0,"parent":0,"menu_order":0,"comment_status":"closed","ping_status":"closed","template":"","meta":{"footnotes":""},"class_list":["post-865","page","type-page","status-publish","hentry"],"_links":{"self":[{"href":"https:\/\/sk7ol.com\/index.php\/wp-json\/wp\/v2\/pages\/865","targetHints":{"allow":["GET"]}}],"collection":[{"href":"https:\/\/sk7ol.com\/index.php\/wp-json\/wp\/v2\/pages"}],"about":[{"href":"https:\/\/sk7ol.com\/index.php\/wp-json\/wp\/v2\/types\/page"}],"author":[{"embeddable":true,"href":"https:\/\/sk7ol.com\/index.php\/wp-json\/wp\/v2\/users\/1"}],"replies":[{"embeddable":true,"href":"https:\/\/sk7ol.com\/index.php\/wp-json\/wp\/v2\/comments?post=865"}],"version-history":[{"count":19,"href":"https:\/\/sk7ol.com\/index.php\/wp-json\/wp\/v2\/pages\/865\/revisions"}],"predecessor-version":[{"id":1288,"href":"https:\/\/sk7ol.com\/index.php\/wp-json\/wp\/v2\/pages\/865\/revisions\/1288"}],"wp:attachment":[{"href":"https:\/\/sk7ol.com\/index.php\/wp-json\/wp\/v2\/media?parent=865"}],"curies":[{"name":"wp","href":"https:\/\/api.w.org\/{rel}","templated":true}]}}